{"id":9,"date":"2016-11-22T11:31:24","date_gmt":"2016-11-22T10:31:24","guid":{"rendered":"http:\/\/www.daniels-djteam.de\/wp\/?page_id=9"},"modified":"2021-12-29T13:33:58","modified_gmt":"2021-12-29T12:33:58","slug":"start","status":"publish","type":"page","link":"https:\/\/www.daniels-djteam.de\/","title":{"rendered":"Diskjockey Service f\u00fcr alle Feierlichkeiten, Hochzeiten und Parties"},"content":{"rendered":"<p>Wenn Sie gute Unterhaltung und ein breites Programm an Musik suchen, dann sind Sie hier auf der richtigen Seite. Ob Familienfeier oder Houseparty, Sie finden hier den passenden DJ zu dem was Ihr musikalisches Herz begehrt.<\/p>\n<p><strong>Sie k\u00f6nnen uns f\u00fcr folgende Veranstaltungen gerne buchen:<\/strong><br \/>\n<div class='content-column one_third'><ul>\n<li>Hochzeiten<\/li>\n<li>Sch\u00fctzenfest<\/li>\n<li>Jubil\u00e4um<\/li>\n<li>Silvester<\/li>\n<li>Open Air<\/li>\n<\/ul><\/div><\/p>\n<div class='content-column one_third'><ul>\n<li>Geburtstage<\/li>\n<li>Abiball\/Schulfeste<\/li>\n<li>Club-Booking<\/li>\n<li>Karneval<\/li>\n<li>Alm\/H\u00fcttenparty<\/li>\n<\/ul><\/div>\n<div class='content-column one_third last_column'><ul>\n<li>Mottopartys<\/li>\n<li>Betriebsfeier<\/li>\n<li>Weihnachtsfeier<\/li>\n<li>Vereinsfeier<\/li>\n<li>K\u00fcnstlervermittlung<\/li>\n<\/ul><\/div><div class='clear_column'><\/div>\n<p>&nbsp;<\/p>\n<p>Selbst Gro\u00dfveranstaltungen inklusive B\u00fchne und der passenden Licht- und Tontechnik stellen f\u00fcr uns&nbsp;kein Problem dar.<\/p>\n<p><em>See you soon and let the party start !!<\/em><\/p>\n","protected":false},"excerpt":{"rendered":"<p>Wenn Sie gute Unterhaltung und ein breites Programm an Musik suchen, dann sind Sie hier auf der richtigen Seite. Ob Familienfeier oder Houseparty, Sie finden hier den passenden DJ zu dem was Ihr musikalisches&#46;&#46;&#46;<\/p>\n","protected":false},"author":1,"featured_media":0,"parent":0,"menu_order":0,"comment_status":"closed","ping_status":"closed","template":"","meta":{"ngg_post_thumbnail":0,"footnotes":""},"class_list":["post-9","page","type-page","status-publish","hentry"],"_links":{"self":[{"href":"https:\/\/www.daniels-djteam.de\/index.php\/wp-json\/wp\/v2\/pages\/9","targetHints":{"allow":["GET"]}}],"collection":[{"href":"https:\/\/www.daniels-djteam.de\/index.php\/wp-json\/wp\/v2\/pages"}],"about":[{"href":"https:\/\/www.daniels-djteam.de\/index.php\/wp-json\/wp\/v2\/types\/page"}],"author":[{"embeddable":true,"href":"https:\/\/www.daniels-djteam.de\/index.php\/wp-json\/wp\/v2\/users\/1"}],"replies":[{"embeddable":true,"href":"https:\/\/www.daniels-djteam.de\/index.php\/wp-json\/wp\/v2\/comments?post=9"}],"version-history":[{"count":37,"href":"https:\/\/www.daniels-djteam.de\/index.php\/wp-json\/wp\/v2\/pages\/9\/revisions"}],"predecessor-version":[{"id":398,"href":"https:\/\/www.daniels-djteam.de\/index.php\/wp-json\/wp\/v2\/pages\/9\/revisions\/398"}],"wp:attachment":[{"href":"https:\/\/www.daniels-djteam.de\/index.php\/wp-json\/wp\/v2\/media?parent=9"}],"curies":[{"name":"wp","href":"https:\/\/api.w.org\/{rel}","templated":true}]}}