{"id":18,"date":"2016-11-22T11:34:51","date_gmt":"2016-11-22T10:34:51","guid":{"rendered":"http:\/\/www.daniels-djteam.de\/wp\/?page_id=18"},"modified":"2017-08-30T13:34:00","modified_gmt":"2017-08-30T11:34:00","slug":"faq","status":"publish","type":"page","link":"https:\/\/www.daniels-djteam.de\/index.php\/faq\/","title":{"rendered":"FAQ"},"content":{"rendered":"<h1>Buchung \/ Kontaktaufnahme \/ Ablauf<\/h1>\n<p>Am Anfang steht nat\u00fcrlich der erste Kontakt, ob Anruf 01725444336, Mail oder auf Facebook.<br \/>\nEs werden Dinge wie z.b.Termin, Anlass, DJ und Preis besprochen.<\/p>\n<p>Kommt es zur Buchung, wird ein Termin zur Absprache Ihrer\/eurer W\u00fcnsche abgestimmt. In den meisten F\u00e4llen liegt dieser ca. eine Woche vor eurem gro\u00dfen Tag. Es l\u00e4sst sich mit dem DJ alles am Telefon ausgiebig&nbsp;kl\u00e4ren. Nat\u00fcrlich ist&nbsp;auf Wunsch auch ein pers\u00f6nliches Kennenlernen m\u00f6glich.<\/p>\n<p>Am Tag&nbsp;der &nbsp;Veranstaltung erfolgt der Aufbau zeitgerecht vor Beginn&nbsp;der Feier.<\/p>\n<p style=\"padding-left: 210px;\"><img loading=\"lazy\" decoding=\"async\" class=\"size-medium wp-image-250 alignright\" src=\"http:\/\/daniels-djteam.com\/wp-content\/uploads\/2016\/11\/IMG_2878-169x300.png\" alt=\"\" height=\"300\" width=\"169\" srcset=\"https:\/\/www.daniels-djteam.de\/wp-content\/uploads\/2016\/11\/IMG_2878-169x300.png 169w, https:\/\/www.daniels-djteam.de\/wp-content\/uploads\/2016\/11\/IMG_2878-576x1024.png 576w, https:\/\/www.daniels-djteam.de\/wp-content\/uploads\/2016\/11\/IMG_2878.png 750w\" sizes=\"auto, (max-width: 169px) 100vw, 169px\" \/><\/p>\n<p>Je nach Veranstaltungsgr\u00f6\u00dfe rechnen wir hier zwischen 1-3 Stunden.<\/p>\n<p>Der Aufbau ist vor Beginn der Feier abgeschlossen.<br \/>\nZum Essen gibt es Backroundmusik in begleitender Lautst\u00e4rke.<br \/>\nVor&nbsp;dem Er\u00f6ffnungstanz bei Hochzeiten, werden die G\u00e4ste begr\u00fc\u00dft.<br \/>\nDann f\u00e4ngt der DJ mit dem Er\u00f6ffnungstanz und dem ausgew\u00e4hlten&nbsp;Titel an.<br \/>\nSollten&nbsp;die Trauzeugen oder G\u00e4ste Spiele oder Showeinlagen<br \/>\nvorbereitet haben,&nbsp;werden diese bestm\u00f6glich in den Abend eingebaut,<br \/>\ndamit nicht allzu lange Tanzpausen entstehen.<br \/>\nIch k\u00f6nnte hier noch Seitenweise \u00fcber Abl\u00e4ufe schreiben,&nbsp;doch vieles ergibt sich einfach und ist<br \/>\nspontan sogar besser, denn Stimmungen lassen sich&nbsp;nicht planen.<\/p>\n<p>Also, keine Sorgen machen&#8230;.<\/p>\n<p>\ud83d\ude42<\/p>\n<h1>Geschichte<\/h1>\n<p>\u2026es fing vor rund 29 Jahren auf Geburtstagen an, das die G\u00e4ste der Meinung waren \u201eDaniel\u201c k\u00f6nnte doch die Musik machen. Aus dieser netten Pflicht entwickelten sich immer mehr Feiern, wo diese Meinung geteilt wurde.<\/p>\n<p>Schlie\u00dflich war es dann auch die Ton und Lichttechnik die Ihn schon seit seiner Jugend faszinierten. Nun war er geboren der Erste DJ vom Daniels DJ Team.<\/p>\n<p>\u00dcber 29 Jahre begleitet ihn nun dieses gro\u00df gewordene Hobby. Ob Clubbesuche, Hochzeiten oder andere Veranstaltungen alles wurde als Herausforderung mit voller Begeisterung und Hingabe gemeistert. Nun hat sich das DJ Team auf den Veranstaltungsservice spezialisiert.<\/p>\n<p>Mit den umfangreichen Licht und Tonanlagen lassen sich Feiern bis zu&nbsp;3000&nbsp;Personen problemlos organisieren.&nbsp;Hochzeiten, Geburtstage und Events jeglicher Art werden individuell ausgerichtet. Die langj\u00e4hrige Erfahrung und die unterschiedlichsten Feierlichkeiten machen das Team zu einem Garanten f\u00fcr jede Feier.<\/p>\n<p>Eine gute Handvoll namenhafter DJ`s aus allen Genre stehen hinter dem &#8220;Team&#8221; Projekt.<\/p>\n<p>Fazit: <strong><em>Let the Party Start<\/em><\/strong><\/p>\n<p>Euer Daniel Gebhardt<\/p>\n<p>Daniels DJ Team<\/p>\n","protected":false},"excerpt":{"rendered":"<p>Buchung \/ Kontaktaufnahme \/ Ablauf Am Anfang steht nat\u00fcrlich der erste Kontakt, ob Anruf 01725444336, Mail oder auf Facebook. Es werden Dinge wie z.b.Termin, Anlass, DJ und Preis besprochen. Kommt es zur Buchung, wird&#46;&#46;&#46;<\/p>\n","protected":false},"author":1,"featured_media":0,"parent":0,"menu_order":0,"comment_status":"closed","ping_status":"closed","template":"","meta":{"ngg_post_thumbnail":0,"footnotes":""},"class_list":["post-18","page","type-page","status-publish","hentry"],"_links":{"self":[{"href":"https:\/\/www.daniels-djteam.de\/index.php\/wp-json\/wp\/v2\/pages\/18","targetHints":{"allow":["GET"]}}],"collection":[{"href":"https:\/\/www.daniels-djteam.de\/index.php\/wp-json\/wp\/v2\/pages"}],"about":[{"href":"https:\/\/www.daniels-djteam.de\/index.php\/wp-json\/wp\/v2\/types\/page"}],"author":[{"embeddable":true,"href":"https:\/\/www.daniels-djteam.de\/index.php\/wp-json\/wp\/v2\/users\/1"}],"replies":[{"embeddable":true,"href":"https:\/\/www.daniels-djteam.de\/index.php\/wp-json\/wp\/v2\/comments?post=18"}],"version-history":[{"count":11,"href":"https:\/\/www.daniels-djteam.de\/index.php\/wp-json\/wp\/v2\/pages\/18\/revisions"}],"predecessor-version":[{"id":321,"href":"https:\/\/www.daniels-djteam.de\/index.php\/wp-json\/wp\/v2\/pages\/18\/revisions\/321"}],"wp:attachment":[{"href":"https:\/\/www.daniels-djteam.de\/index.php\/wp-json\/wp\/v2\/media?parent=18"}],"curies":[{"name":"wp","href":"https:\/\/api.w.org\/{rel}","templated":true}]}}