{"id":12,"date":"2016-11-22T11:32:01","date_gmt":"2016-11-22T10:32:01","guid":{"rendered":"http:\/\/www.daniels-djteam.de\/wp\/?page_id=12"},"modified":"2021-12-29T13:36:04","modified_gmt":"2021-12-29T12:36:04","slug":"equipment","status":"publish","type":"page","link":"https:\/\/www.daniels-djteam.de\/index.php\/equipment\/","title":{"rendered":"Equipment"},"content":{"rendered":"<p>Nachfolgend m\u00f6chten wir Ihnen einen kleinen Einblick \u00fcber die verschiedenen technischen M\u00f6glichkeiten geben.<br \/>\n<div class='content-column one_half'><h5>Unsere&nbsp;Tonanlagen sind von h\u00f6chster Qualit\u00e4t&nbsp;und in allen Gr\u00f6\u00dfen verf\u00fcgbar:<\/h5>\n<ul>\n<li>Diverse Dynacord Systemanlagen&nbsp;mit Beschallung von bis zu 3000 Personen<\/li>\n<li>RCF evox Array aktives&nbsp;Lautsprechersystem f\u00fcr kleinere Veranstaltungen<\/li>\n<li>JBL-Lautsprechersysteme<\/li>\n<li>Diverse Mischpulte<\/li>\n<li>hochwertige DJ Controller<\/li>\n<li>verschiedene Apple Mac Books<\/li>\n<li>hochwertige Funkmikrofone<\/li>\n<li>Pioneer DJ-CD Player<\/li>\n<li>Digitale-Systemendstufen<\/li>\n<li>Moderationsanlagen<\/li>\n<li>Headsets<\/li>\n<li>modernste DJ Software<\/li>\n<li>u.v.m.<br \/><\/div><\/li>\n<\/ul>\n<div class='content-column one_half last_column'><p>&nbsp;<\/p>\n<p>&nbsp;<\/p>\n<p>&nbsp;<\/p>\n<h5>Auszug unserer Lichtanlage:<\/h5>\n<ul>\n<li>Showtraversen auf Stativen<\/li>\n<li>Truss-Tower<\/li>\n<li>verschiedene Moving Heads<\/li>\n<li>LED Effekte<\/li>\n<li>RGB Ambiente Beleuchtung<\/li>\n<li>Lichtsteuersysteme mit Wireless DMX<\/li>\n<li>Galaausstattung<\/li>\n<li>Computergesteuert<\/li>\n<li>Nebelmaschinen &amp; Hazer<\/li>\n<li>Showlasersystem<\/li>\n<li>u.v.m.<br \/><\/div><div class='clear_column'><\/div><\/li>\n<\/ul>\n","protected":false},"excerpt":{"rendered":"<p>Nachfolgend m\u00f6chten wir Ihnen einen kleinen Einblick \u00fcber die verschiedenen technischen M\u00f6glichkeiten geben.<\/p>\n","protected":false},"author":1,"featured_media":0,"parent":0,"menu_order":0,"comment_status":"closed","ping_status":"closed","template":"","meta":{"ngg_post_thumbnail":0,"footnotes":""},"class_list":["post-12","page","type-page","status-publish","hentry"],"_links":{"self":[{"href":"https:\/\/www.daniels-djteam.de\/index.php\/wp-json\/wp\/v2\/pages\/12","targetHints":{"allow":["GET"]}}],"collection":[{"href":"https:\/\/www.daniels-djteam.de\/index.php\/wp-json\/wp\/v2\/pages"}],"about":[{"href":"https:\/\/www.daniels-djteam.de\/index.php\/wp-json\/wp\/v2\/types\/page"}],"author":[{"embeddable":true,"href":"https:\/\/www.daniels-djteam.de\/index.php\/wp-json\/wp\/v2\/users\/1"}],"replies":[{"embeddable":true,"href":"https:\/\/www.daniels-djteam.de\/index.php\/wp-json\/wp\/v2\/comments?post=12"}],"version-history":[{"count":11,"href":"https:\/\/www.daniels-djteam.de\/index.php\/wp-json\/wp\/v2\/pages\/12\/revisions"}],"predecessor-version":[{"id":400,"href":"https:\/\/www.daniels-djteam.de\/index.php\/wp-json\/wp\/v2\/pages\/12\/revisions\/400"}],"wp:attachment":[{"href":"https:\/\/www.daniels-djteam.de\/index.php\/wp-json\/wp\/v2\/media?parent=12"}],"curies":[{"name":"wp","href":"https:\/\/api.w.org\/{rel}","templated":true}]}}